{"id":276,"date":"2025-01-14T18:43:50","date_gmt":"2025-01-14T18:43:50","guid":{"rendered":"http:\/\/portfolio.local\/acerca-de\/"},"modified":"2025-01-14T18:43:50","modified_gmt":"2025-01-14T18:43:50","slug":"acerca-de","status":"publish","type":"page","link":"https:\/\/gracielaleijamdpa.com\/es\/acerca-de\/","title":{"rendered":"Acerca de"},"content":{"rendered":"<p>Estamos comprometidos a brindarle el mejor tratamiento posible en un ambiente relajado y amigable. Nuestra misi\u00f3n es brindar atenci\u00f3n compasiva a pacientes adultos que desean una relaci\u00f3n de calidad a largo plazo con un m\u00e9dico. Nuestra pr\u00e1ctica es una pr\u00e1ctica completa de medicina interna.<\/p>\n","protected":false},"excerpt":{"rendered":"<p>Estamos comprometidos a brindarle el mejor tratamiento posible en un ambiente relajado y amigable. Nuestra misi\u00f3n es brindar atenci\u00f3n compasiva a pacientes adultos que desean una relaci\u00f3n de calidad a largo plazo con un m\u00e9dico. Nuestra pr\u00e1ctica es una pr\u00e1ctica completa de medicina interna.<\/p>\n","protected":false},"author":1,"featured_media":269,"parent":0,"menu_order":0,"comment_status":"closed","ping_status":"closed","template":"template\/template-about.php","meta":{"_acf_changed":false,"footnotes":""},"class_list":["post-276","page","type-page","status-publish","has-post-thumbnail","hentry"],"acf":[],"_links":{"self":[{"href":"https:\/\/gracielaleijamdpa.com\/es\/wp-json\/wp\/v2\/pages\/276","targetHints":{"allow":["GET"]}}],"collection":[{"href":"https:\/\/gracielaleijamdpa.com\/es\/wp-json\/wp\/v2\/pages"}],"about":[{"href":"https:\/\/gracielaleijamdpa.com\/es\/wp-json\/wp\/v2\/types\/page"}],"author":[{"embeddable":true,"href":"https:\/\/gracielaleijamdpa.com\/es\/wp-json\/wp\/v2\/users\/1"}],"replies":[{"embeddable":true,"href":"https:\/\/gracielaleijamdpa.com\/es\/wp-json\/wp\/v2\/comments?post=276"}],"version-history":[{"count":0,"href":"https:\/\/gracielaleijamdpa.com\/es\/wp-json\/wp\/v2\/pages\/276\/revisions"}],"wp:featuredmedia":[{"embeddable":true,"href":"https:\/\/gracielaleijamdpa.com\/es\/wp-json\/wp\/v2\/media\/269"}],"wp:attachment":[{"href":"https:\/\/gracielaleijamdpa.com\/es\/wp-json\/wp\/v2\/media?parent=276"}],"curies":[{"name":"wp","href":"https:\/\/api.w.org\/{rel}","templated":true}]}}