{"id":350,"date":"2025-01-19T09:10:20","date_gmt":"2025-01-19T09:10:20","guid":{"rendered":"https:\/\/gracielaleijamdpa.com\/politica-de-cookies\/"},"modified":"2025-08-21T16:50:39","modified_gmt":"2025-08-21T16:50:39","slug":"politica-de-cookies","status":"publish","type":"page","link":"https:\/\/gracielaleijamdpa.com\/es\/politica-de-cookies\/","title":{"rendered":"Pol\u00edtica de cookies"},"content":{"rendered":"<h2 class=\"\" data-start=\"277\" data-end=\"298\"><strong data-start=\"280\" data-end=\"298\">Pol\u00edtica de cookies<\/strong><\/h2>\n<p class=\"\" data-start=\"300\" data-end=\"333\"><strong data-start=\"300\" data-end=\"319\">Fecha de entrada en vigor:<\/strong> 4\/5\/2025<\/p>\n<p class=\"\" data-start=\"335\" data-end=\"582\">Esta Pol\u00edtica de cookies explica c\u00f3mo <strong data-start=\"368\" data-end=\"391\">Graciela Leija MDPA<\/strong> (\u00abnosotros\u00bb) utiliza cookies y tecnolog\u00edas de seguimiento similares cuando visitas nuestro sitio web. Esta pol\u00edtica se aplica a los visitantes de nuestro sitio web y a los pacientes que acceden a nuestro sitio desde cualquier dispositivo.<\/p>\n<p class=\"\" data-start=\"584\" data-end=\"680\">Al continuar usando nuestro sitio web, aceptas el uso de cookies seg\u00fan lo descrito en esta pol\u00edtica.<\/p>\n<hr class=\"\" data-start=\"682\" data-end=\"685\">\n<h3 class=\"\" data-start=\"687\" data-end=\"715\"><strong data-start=\"691\" data-end=\"715\">1. \u00bfQu\u00e9 son las cookies?<\/strong><\/h3>\n<p class=\"\" data-start=\"717\" data-end=\"993\">Las cookies son peque\u00f1os archivos de texto que se guardan en tu dispositivo (computadora, tableta o tel\u00e9fono inteligente) cuando visitas un sitio web. Las cookies ayudan a mejorar la experiencia del usuario al recordar sus preferencias, habilitar funciones esenciales y recopilar informaci\u00f3n sobre c\u00f3mo los visitantes interact\u00faan con el sitio.<\/p>\n<hr class=\"\" data-start=\"995\" data-end=\"998\">\n<h3 class=\"\" data-start=\"1000\" data-end=\"1034\"><strong data-start=\"1004\" data-end=\"1034\">2. Tipos de cookies que utilizamos<\/strong><\/h3>\n<h4 class=\"\" data-start=\"1036\" data-end=\"1074\"><strong data-start=\"1041\" data-end=\"1074\">a. Cookies estrictamente necesarias<\/strong><\/h4>\n<p class=\"\" data-start=\"1075\" data-end=\"1265\">Estas cookies son esenciales para el funcionamiento de nuestro sitio web y te permiten usar funciones como formularios de solicitud de cita o \u00e1reas de inicio de sesi\u00f3n seguras. No recopilan informaci\u00f3n personal.<\/p>\n<h4 class=\"\" data-start=\"1267\" data-end=\"1312\"><strong data-start=\"1272\" data-end=\"1312\">b. Cookies de rendimiento y an\u00e1lisis<\/strong><\/h4>\n<p class=\"\" data-start=\"1313\" data-end=\"1607\">Estas cookies nos ayudan a entender c\u00f3mo los visitantes usan nuestro sitio web al recopilar informaci\u00f3n como qu\u00e9 p\u00e1ginas se visitan con m\u00e1s frecuencia, cu\u00e1nto tiempo permanecen los usuarios en cada p\u00e1gina y qu\u00e9 tipos de dispositivos se utilizan. Estos datos se anonimizan y nos ayudan a mejorar el rendimiento del sitio.<br data-start=\"1577\" data-end=\"1580\"><em data-start=\"1580\" data-end=\"1607\">Ejemplo: Google Analytics<\/em><\/p>\n<h4 class=\"\" data-start=\"1609\" data-end=\"1642\"><strong data-start=\"1614\" data-end=\"1642\">c. Cookies de funcionalidad<\/strong><\/h4>\n<p class=\"\" data-start=\"1643\" data-end=\"1770\">Estas cookies recuerdan tus preferencias (por ejemplo, idioma, ubicaci\u00f3n) para brindarte una experiencia m\u00e1s personalizada durante tu visita.<\/p>\n<h4 class=\"\" data-start=\"1772\" data-end=\"1803\"><strong data-start=\"1777\" data-end=\"1803\">d. Cookies de terceros<\/strong><\/h4>\n<p class=\"\" data-start=\"1804\" data-end=\"2019\">Podemos permitir que servicios de terceros de confianza coloquen cookies en nuestro sitio web para admitir funciones como videos integrados, herramientas de citas o an\u00e1lisis. Estos terceros son responsables de sus propias pol\u00edticas de cookies.<\/p>\n<hr class=\"\" data-start=\"2021\" data-end=\"2024\">\n<h3 class=\"\" data-start=\"2026\" data-end=\"2064\"><strong data-start=\"2030\" data-end=\"2064\">3. C\u00f3mo puedes controlar las cookies<\/strong><\/h3>\n<p class=\"\" data-start=\"2066\" data-end=\"2166\">Puedes controlar y\/o eliminar las cookies a trav\u00e9s de la configuraci\u00f3n de tu navegador. La mayor\u00eda de los navegadores web te permiten:<\/p>\n<ul data-start=\"2168\" data-end=\"2342\">\n<li class=\"\" data-start=\"2168\" data-end=\"2214\">\n<p class=\"\" data-start=\"2170\" data-end=\"2214\">Ver qu\u00e9 cookies est\u00e1n almacenadas en tu dispositivo<\/p>\n<\/li>\n<li class=\"\" data-start=\"2215\" data-end=\"2233\">\n<p class=\"\" data-start=\"2217\" data-end=\"2233\">Eliminar cookies<\/p>\n<\/li>\n<li class=\"\" data-start=\"2234\" data-end=\"2284\">\n<p class=\"\" data-start=\"2236\" data-end=\"2284\">Bloquear cookies de sitios espec\u00edficos o de todos los sitios<\/p>\n<\/li>\n<li class=\"\" data-start=\"2285\" data-end=\"2342\">\n<p class=\"\" data-start=\"2287\" data-end=\"2342\">Configurar tu navegador para que te alerte antes de aceptar una cookie<\/p>\n<\/li>\n<\/ul>\n<p class=\"\" data-start=\"2344\" data-end=\"2433\">Ten en cuenta que deshabilitar las cookies puede afectar la funcionalidad de algunas partes de nuestro sitio web.<\/p>\n<p class=\"\" data-start=\"2435\" data-end=\"2593\">Para excluirte espec\u00edficamente del seguimiento de Google Analytics, puedes visitar:<br data-start=\"2503\" data-end=\"2506\">\ud83d\udc49 <a target=\"_new\" rel=\"noopener\" data-start=\"2509\" data-end=\"2593\">https:\/\/tools.google.com\/dlpage\/gaoptout<\/a><\/p>\n<hr class=\"\" data-start=\"2595\" data-end=\"2598\">\n<h3 class=\"\" data-start=\"2600\" data-end=\"2633\"><strong data-start=\"2604\" data-end=\"2633\">4. Cambios en esta pol\u00edtica<\/strong><\/h3>\n<p class=\"\" data-start=\"2635\" data-end=\"2822\">Podemos actualizar esta Pol\u00edtica de cookies de vez en cuando para reflejar cambios en nuestras pr\u00e1cticas o por razones legales y regulatorias. Las actualizaciones se publicar\u00e1n en esta p\u00e1gina con una nueva fecha de entrada en vigor.<\/p>\n<hr class=\"\" data-start=\"2824\" data-end=\"2827\">\n<h3 class=\"\" data-start=\"2829\" data-end=\"2850\"><strong data-start=\"2833\" data-end=\"2850\">5. Cont\u00e1ctanos<\/strong><\/h3>\n<p class=\"\" data-start=\"2852\" data-end=\"2945\">Si tienes alguna pregunta sobre nuestro uso de cookies o sobre esta Pol\u00edtica de cookies, por favor cont\u00e1ctanos:<\/p>\n<p class=\"\" data-start=\"2947\" data-end=\"3115\"><strong data-start=\"2947\" data-end=\"2970\">Graciela Leija MDPA<\/strong><br data-start=\"2970\" data-end=\"2973\">95 E Price Rd E<br data-start=\"2988\" data-end=\"2991\">Brownsville, TX 78520<br data-start=\"3012\" data-end=\"3015\">Phone: (956) 504-4800<br data-start=\"3036\" data-end=\"3039\">Email: <a rel=\"noopener\" data-start=\"3046\" data-end=\"3115\">contact@gracielaleijamdpa.com<\/a><\/p>\n","protected":false},"excerpt":{"rendered":"<p>Pol\u00edtica de cookies Fecha de entrada en vigor: 4\/5\/2025 Esta Pol\u00edtica de cookies explica c\u00f3mo Graciela Leija MDPA (\u00abnosotros\u00bb) utiliza cookies y tecnolog\u00edas de seguimiento similares cuando visitas nuestro sitio web. Esta pol\u00edtica se aplica a los visitantes de nuestro sitio web y a los pacientes que acceden a nuestro sitio desde cualquier dispositivo. Al [&hellip;]<\/p>\n","protected":false},"author":1,"featured_media":0,"parent":0,"menu_order":0,"comment_status":"closed","ping_status":"closed","template":"","meta":{"_acf_changed":false,"footnotes":""},"class_list":["post-350","page","type-page","status-publish","hentry"],"acf":[],"_links":{"self":[{"href":"https:\/\/gracielaleijamdpa.com\/es\/wp-json\/wp\/v2\/pages\/350","targetHints":{"allow":["GET"]}}],"collection":[{"href":"https:\/\/gracielaleijamdpa.com\/es\/wp-json\/wp\/v2\/pages"}],"about":[{"href":"https:\/\/gracielaleijamdpa.com\/es\/wp-json\/wp\/v2\/types\/page"}],"author":[{"embeddable":true,"href":"https:\/\/gracielaleijamdpa.com\/es\/wp-json\/wp\/v2\/users\/1"}],"replies":[{"embeddable":true,"href":"https:\/\/gracielaleijamdpa.com\/es\/wp-json\/wp\/v2\/comments?post=350"}],"version-history":[{"count":1,"href":"https:\/\/gracielaleijamdpa.com\/es\/wp-json\/wp\/v2\/pages\/350\/revisions"}],"predecessor-version":[{"id":351,"href":"https:\/\/gracielaleijamdpa.com\/es\/wp-json\/wp\/v2\/pages\/350\/revisions\/351"}],"wp:attachment":[{"href":"https:\/\/gracielaleijamdpa.com\/es\/wp-json\/wp\/v2\/media?parent=350"}],"curies":[{"name":"wp","href":"https:\/\/api.w.org\/{rel}","templated":true}]}}